{"id":3991,"date":"2025-11-13T11:48:52","date_gmt":"2025-11-13T11:48:52","guid":{"rendered":"https:\/\/troadx.com\/?page_id=3991"},"modified":"2026-02-03T15:55:31","modified_gmt":"2026-02-03T15:55:31","slug":"espace-client","status":"publish","type":"page","link":"https:\/\/troadx.com\/fr_fr\/espace-client\/","title":{"rendered":"Espace Client"},"content":{"rendered":"\t\t<div data-elementor-type=\"wp-page\" data-elementor-id=\"3991\" class=\"elementor elementor-3991\">\n\t\t\t\t<div class=\"elementor-element elementor-element-14a5570 e-flex e-con-boxed e-con e-parent\" data-id=\"14a5570\" data-element_type=\"container\">\n\t\t\t\t\t<div class=\"e-con-inner\">\n\t\t<div class=\"elementor-element elementor-element-9be57de e-con-full e-flex e-con e-child\" data-id=\"9be57de\" data-element_type=\"container\">\n\t\t\t\t<div class=\"elementor-element elementor-element-4062a3b elementor-widget elementor-widget-image\" data-id=\"4062a3b\" data-element_type=\"widget\" data-widget_type=\"image.default\">\n\t\t\t\t\t\t\t\t\t\t\t\t\t\t\t<img decoding=\"async\" width=\"345\" height=\"69\" src=\"https:\/\/troadx.com\/wp-content\/uploads\/2026\/01\/image-11.jpg\" class=\"attachment-full size-full wp-image-4777\" alt=\"\" srcset=\"https:\/\/troadx.com\/wp-content\/uploads\/2026\/01\/image-11.jpg 345w, https:\/\/troadx.com\/wp-content\/uploads\/2026\/01\/image-11-300x60.jpg 300w, https:\/\/troadx.com\/wp-content\/uploads\/2026\/01\/image-11-18x4.jpg 18w\" sizes=\"(max-width: 345px) 100vw, 345px\" \/>\t\t\t\t\t\t\t\t\t\t\t\t\t\t\t<\/div>\n\t\t\t\t<\/div>\n\t\t\t\t<div class=\"elementor-element elementor-element-c69f268 elementor-widget elementor-widget-text-editor\" data-id=\"c69f268\" data-element_type=\"widget\" data-widget_type=\"text-editor.default\">\n\t\t\t\t\t\t\t\t\t<p>Suivez vos exp\u00e9ditions, g\u00e9rez vos commandes et t\u00e9l\u00e9chargez vos donn\u00e9es en CSV ou Excel et profitez d&#8217;extractions personnalisables.<\/p><p>Sous r\u00e9serve d&#8217;analyses de flux un acc\u00e8s en EDI peut vous \u00eatre propos\u00e9.<\/p><p>Enfin, ma\u00eetrisez votre espace, vos commandes, vos bons \u00e9marg\u00e9s&#8230;<\/p>\t\t\t\t\t\t\t\t<\/div>\n\t\t<div class=\"elementor-element elementor-element-5aa9576 e-con-full e-flex e-con e-child\" data-id=\"5aa9576\" data-element_type=\"container\" data-settings=\"{&quot;background_background&quot;:&quot;classic&quot;}\">\n\t\t\t\t<div class=\"elementor-element elementor-element-e617e6f elementor-widget elementor-widget-heading\" data-id=\"e617e6f\" data-element_type=\"widget\" data-widget_type=\"heading.default\">\n\t\t\t\t\t<h2 class=\"elementor-heading-title elementor-size-default\">DISPATCHWEB<\/h2>\t\t\t\t<\/div>\n\t\t\t\t<div class=\"elementor-element elementor-element-ec310ba elementor-widget elementor-widget-text-editor\" data-id=\"ec310ba\" data-element_type=\"widget\" data-widget_type=\"text-editor.default\">\n\t\t\t\t\t\t\t\t\tSuivez vos missions en temps r\u00e9el \t\t\t\t\t\t\t\t<\/div>\n\t\t\t\t<div class=\"elementor-element elementor-element-df0c860 elementor-widget elementor-widget-html\" data-id=\"df0c860\" data-element_type=\"widget\" data-widget_type=\"html.default\">\n\t\t\t\t\t<form class=\"loginform\"\n  method=\"post\"\n  action=\"https:\/\/dispatchweb.eureka-technology.fr\/webmanager\/Authentication\/SignIn\"\n>\n  <input type=\"hidden\" name=\"license\" value=\"TROADEX\" \/>\n  <input\n    type=\"hidden\"\n    name=\"backUrl\"\n    value=\"https:\/\/troadx.com\/fr_fr\/espace-client\/\"\n  \/>\n  <input type=\"hidden\" name=\"disableSsl\" value=\"0\" \/>\n\n  <input name=\"login\" type=\"text\" placeholder=\"Identifiant\" \/>\n  <input name=\"password\" type=\"password\" placeholder=\"Mot de passe\" \/>\n  <button type=\"submit\">Se connecter<\/button>\n<\/form>\t\t\t\t<\/div>\n\t\t\t\t<\/div>\n\t\t\t\t<div class=\"elementor-element elementor-element-f89da0e elementor-widget elementor-widget-text-editor\" data-id=\"f89da0e\" data-element_type=\"widget\" data-widget_type=\"text-editor.default\">\n\t\t\t\t\t\t\t\t\tNotre objectif : vous offrir la meilleure solution au meilleur co\u00fbt, sans jamais compromettre la qualit\u00e9 de service.\nDemandez votre devis en ligne &#8211; r\u00e9ponse garantie sous 30 minutes.\t\t\t\t\t\t\t\t<\/div>\n\t\t\t\t\t<\/div>\n\t\t\t\t<\/div>\n\t\t\t\t<\/div>\n\t\t","protected":false},"excerpt":{"rendered":"<p>Suivez vos exp\u00e9ditions, g\u00e9rez vos commandes et t\u00e9l\u00e9chargez vos donn\u00e9es en CSV ou Excel et profitez d&#8217;extractions personnalisables. Sous r\u00e9serve d&#8217;analyses de flux un acc\u00e8s en EDI peut vous \u00eatre propos\u00e9. Enfin, ma\u00eetrisez votre espace, vos commandes, vos bons \u00e9marg\u00e9s&#8230; DISPATCHWEB Suivez vos missions en temps r\u00e9el Se connecter Notre objectif : vous offrir la [&hellip;]<\/p>\n","protected":false},"author":3,"featured_media":0,"parent":0,"menu_order":0,"comment_status":"closed","ping_status":"closed","template":"elementor_header_footer","meta":{"footnotes":""},"class_list":["post-3991","page","type-page","status-publish","hentry"],"_links":{"self":[{"href":"https:\/\/troadx.com\/fr_fr\/wp-json\/wp\/v2\/pages\/3991","targetHints":{"allow":["GET"]}}],"collection":[{"href":"https:\/\/troadx.com\/fr_fr\/wp-json\/wp\/v2\/pages"}],"about":[{"href":"https:\/\/troadx.com\/fr_fr\/wp-json\/wp\/v2\/types\/page"}],"author":[{"embeddable":true,"href":"https:\/\/troadx.com\/fr_fr\/wp-json\/wp\/v2\/users\/3"}],"replies":[{"embeddable":true,"href":"https:\/\/troadx.com\/fr_fr\/wp-json\/wp\/v2\/comments?post=3991"}],"version-history":[{"count":46,"href":"https:\/\/troadx.com\/fr_fr\/wp-json\/wp\/v2\/pages\/3991\/revisions"}],"predecessor-version":[{"id":4802,"href":"https:\/\/troadx.com\/fr_fr\/wp-json\/wp\/v2\/pages\/3991\/revisions\/4802"}],"wp:attachment":[{"href":"https:\/\/troadx.com\/fr_fr\/wp-json\/wp\/v2\/media?parent=3991"}],"curies":[{"name":"wp","href":"https:\/\/api.w.org\/{rel}","templated":true}]}}