{"id":3013,"date":"2025-10-20T14:59:55","date_gmt":"2025-10-20T14:59:55","guid":{"rendered":"https:\/\/troadx.com\/?page_id=3013"},"modified":"2026-03-17T13:58:33","modified_gmt":"2026-03-17T13:58:33","slug":"contact","status":"publish","type":"page","link":"https:\/\/troadx.com\/en\/contact\/","title":{"rendered":"Contact"},"content":{"rendered":"<div data-elementor-type=\"wp-page\" data-elementor-id=\"3013\" class=\"elementor elementor-3013\">\n\t\t\t\t<div class=\"elementor-element elementor-element-720a2087 e-con-full mainhero e-flex e-con e-parent\" data-id=\"720a2087\" data-element_type=\"container\">\n\t\t<div class=\"elementor-element elementor-element-63b720a3 e-con-full e-flex e-con e-child\" data-id=\"63b720a3\" data-element_type=\"container\" data-settings=\"{&quot;background_background&quot;:&quot;classic&quot;}\">\n\t\t\t\t<\/div>\n\t\t\t\t<\/div>\n\t\t<div class=\"elementor-element elementor-element-574d15dd e-flex e-con-boxed e-con e-parent\" data-id=\"574d15dd\" data-element_type=\"container\">\n\t\t\t\t\t<div class=\"e-con-inner\">\n\t\t<div class=\"elementor-element elementor-element-9e924c1 e-con-full e-flex e-con e-child\" data-id=\"9e924c1\" data-element_type=\"container\">\n\t\t\t\t<div class=\"elementor-element elementor-element-5956cae elementor-widget elementor-widget-heading\" data-id=\"5956cae\" data-element_type=\"widget\" data-widget_type=\"heading.default\">\n\t\t\t\t\t<h2 class=\"elementor-heading-title elementor-size-default\">Need help? Contact us<\/h2>\t\t\t\t<\/div>\n\t\t\t\t<div class=\"elementor-element elementor-element-851d364 elementor-widget elementor-widget-heading\" data-id=\"851d364\" data-element_type=\"widget\" data-widget_type=\"heading.default\">\n\t\t\t\t\t<h2 class=\"elementor-heading-title elementor-size-default\">Contact us<\/h2>\t\t\t\t<\/div>\n\t\t\t\t<\/div>\n\t\t<div class=\"elementor-element elementor-element-5cf57102 e-con-full e-flex e-con e-child\" data-id=\"5cf57102\" data-element_type=\"container\">\n\t\t\t\t<div class=\"elementor-element elementor-element-35568a12 elementor-widget elementor-widget-text-editor\" data-id=\"35568a12\" data-element_type=\"widget\" data-widget_type=\"text-editor.default\">\n\t\t\t\t\t\t\t\t\t<p>If you have any queries or questions, our team will be happy to answer them as quickly as possible.<\/p>\t\t\t\t\t\t\t\t<\/div>\n\t\t\t\t<\/div>\n\t\t\t\t\t<\/div>\n\t\t\t\t<\/div>\n\t\t\t\t<section class=\"elementor-section elementor-top-section elementor-element elementor-element-33c41346 elementor-section-boxed elementor-section-height-default elementor-section-height-default\" data-id=\"33c41346\" data-element_type=\"section\" data-settings=\"{&quot;background_background&quot;:&quot;classic&quot;}\">\n\t\t\t\t\t\t<div class=\"elementor-container elementor-column-gap-wide\">\n\t\t\t\t\t<div class=\"elementor-column elementor-col-50 elementor-top-column elementor-element elementor-element-52ab3abe\" data-id=\"52ab3abe\" data-element_type=\"column\">\n\t\t\t<div class=\"elementor-widget-wrap elementor-element-populated\">\n\t\t\t\t\t\t<div class=\"elementor-element elementor-element-32e8d535 elementor-hidden-desktop elementor-hidden-tablet elementor-hidden-mobile elementor-view-default elementor-widget elementor-widget-icon\" data-id=\"32e8d535\" data-element_type=\"widget\" data-widget_type=\"icon.default\">\n\t\t\t\t\t\t\t<div class=\"elementor-icon-wrapper\">\n\t\t\t<div class=\"elementor-icon\">\n\t\t\t<i aria-hidden=\"true\" class=\"linea linea-arrows-slim-right\"><\/i>\t\t\t<\/div>\n\t\t<\/div>\n\t\t\t\t\t\t<\/div>\n\t\t\t\t<div class=\"elementor-element elementor-element-b887c3e elementor-widget elementor-widget-image\" data-id=\"b887c3e\" data-element_type=\"widget\" data-widget_type=\"image.default\">\n\t\t\t\t\t\t\t\t\t\t\t\t\t\t\t<img fetchpriority=\"high\" decoding=\"async\" width=\"387\" height=\"231\" src=\"https:\/\/troadx.com\/wp-content\/uploads\/2025\/11\/call.webp\" class=\"attachment-full size-full wp-image-4339\" alt=\"\" srcset=\"https:\/\/troadx.com\/wp-content\/uploads\/2025\/11\/call.webp 387w, https:\/\/troadx.com\/wp-content\/uploads\/2025\/11\/call-300x179.webp 300w\" sizes=\"(max-width: 387px) 100vw, 387px\" \/>\t\t\t\t\t\t\t\t\t\t\t\t\t\t\t<\/div>\n\t\t\t\t<div class=\"elementor-element elementor-element-190279bb elementor-position-left elementor-mobile-position-left elementor-view-default elementor-widget elementor-widget-icon-box\" data-id=\"190279bb\" data-element_type=\"widget\" data-widget_type=\"icon-box.default\">\n\t\t\t\t\t\t\t<div class=\"elementor-icon-box-wrapper\">\n\n\t\t\t\t\t\t<div class=\"elementor-icon-box-icon\">\n\t\t\t\t<a href=\"tel:05%2022%2023%2031%2096\" class=\"elementor-icon\" tabindex=\"-1\" aria-label=\"Call us at\">\n\t\t\t\t<svg xmlns=\"http:\/\/www.w3.org\/2000\/svg\" xmlns:xlink=\"http:\/\/www.w3.org\/1999\/xlink\" width=\"38\" height=\"38\" viewbox=\"0 0 38 38\"><image id=\"Calque_1\" data-name=\"Calque 1\" width=\"38\" height=\"38\" xlink:href=\"data:img\/png;base64,iVBORw0KGgoAAAANSUhEUgAAACYAAAAmCAYAAACoPemuAAAFKElEQVRYhb2YfcxWYxzHP90evSoS45F5iz+wKFMphGfUtKV5bJJevKatZbqu8QczlrfIXDebl1DYPKjMimShpsVk2YgZ8tKYt2JNqUaiYz99zzqd65znue\/bM9\/tbPd9ru+5ru\/5Xb+363RJkoTOQrVa7QE8DwwE3gXeBlY759bXu0RnC+sDrAIGZ27\/CrwFzHXOvRk9VIIuxbc5A5gG9Ae+BR4DPqhlwhBCMzACOAUYA5yeGX4NmOW9X5veKDNMkbApwMNA78y9zcCVwKsRux2EEJqAM4GrgfFAN2A7cA9wn\/d+d63CJgNPA\/sBZvbFwKXAucAOYBKwJJqlNpFmuVmyomERMNU591tEzgm7XKK6AgtkoZ3AAUAbME7iJktwI+IqwExgttYxfxzvnPu5TJi9xUtAd0XVNcAfGZ5t63PAWGCbxL0crbxn8QG2Xd77TdHgXs4oveyhCoxW59yWvLBjgJXAcTKvLfpnNBscKNFjJG4CsCy34Nly8F3AWll+ifd+S36yEMJIvdxBwLO2Q8653el4RT5kor4EppeIMmyVA78iCz4DnJzjmODvgb7AaLnGmhDCZfnJvPerFWi7ZIzr8hYz1RcpJUyP5MToI6tYtD0kn8laohcwBDhPfnqUhizSb\/Te78zxb1NQWOQPdc5tSC2WpoXIAUtgUfSCho4tsMQO7\/0q7\/3twDDgEQ3NAOaHEPbPPTIHeA\/oB9yS3qwo8gy9inVEsCidqJtfR6P7itzovTdBU7Vl9txdWY5zzoLMXsL8a1K1Wh2YCksnHxDNHONg4EVgOGBRNzdiFMB7P08WM9wUQhidY61Q6rAEfC3ysauAp+T8w1TbinAIsBBo0XZa0LxewCtFCKFNVltjPmj+lmb+arU6QVH\/lZW0ikjmeMcDg0om7a28Y6K2KBnXJUq4Q5FrFj8rN2b57CfpGFyRpZZnrFeEQQr\/RJG2rIDTIbz3XwBLxRuf429SEBhaTNjfyuoobUSRBqxXfjLxR0aj9WGF2CNCCN3SJ51z9tLr9HdIRT+M\/KGye5HVLJU8rt83A0dHjNphVeZH4IeCJxZpNxZmb16hrdpcYjUTvU6cpYrohhBC6B9CsAj\/tx8rurKwAv6+Fp5XsuBw9VPGuTMabQBFoop6tHFa1JLhqGh0D2aKs1td7v8iDOUSG\/lUdbEID4rzl1qkWtBdubBhYRZ132nhJ6LRPWhSq5Jad0bE2AtrCG8FPlKVWZw9rBSJKhNmaNWCSTsdR1e1NYmuB4AeOU4vlbAkd1kiPacRYYZ7Ndk2tTBFsMi8P7PoSp0pDT0V9ola8uuB8zMBttGyf5GojoQ1qe9KlHdObYc7TTU2UUM5RznJ\/v8OXJLhHq6DcKJsP7JeYchZ0zc0\/8h3rFmcpNKW3bYdOVEprNd\/R5xfbFvrFWY4AfhMk3zeTqFHJSvtHj4BLo4Ye9EsXupzQ+sVhqxh9TJRzWyJGPuipw4ZHaFZ3zjS9NS3XmHowLJWk2xXV9oZOALYoHknNiLM0KzDS+pD84HDIlYdkIg0yG5oVBiK1tkqSekWjI1YtePCTP1t+S\/CUrSqDU6tt6CDwCjCBeqIE528mjpDGHLeRzPWs5z1JHBaxIwxUi1Won6wbyNR2RGsMryRsd4ufRWaUnL6alXmT9Tr92skj9WKir5rLFfXkYq0ivCxhLZlEnZawiJRnS0sCzsG3q0kawfafBG34599MuhTVivLPnV2BuygcaI+e1qbY1tqifcbWdXan62F1gH+AZmcgFf\/x\/3EAAAAAElFTkSuQmCC\"><\/image><\/svg>\t\t\t\t<\/a>\n\t\t\t<\/div>\n\t\t\t\n\t\t\t\t\t\t<div class=\"elementor-icon-box-content\">\n\n\t\t\t\t\t\t\t\t\t<h3 class=\"elementor-icon-box-title\">\n\t\t\t\t\t\t<a href=\"tel:05%2022%2023%2031%2096\" >\n\t\t\t\t\t\t\tCall us at\t\t\t\t\t\t<\/a>\n\t\t\t\t\t<\/h3>\n\t\t\t\t\n\t\t\t\t\t\t\t\t\t<p class=\"elementor-icon-box-description\">\n\t\t\t\t\t\t+33 6 75 30 38 08 (Hotline) \t\t\t\t\t<\/p>\n\t\t\t\t\n\t\t\t<\/div>\n\t\t\t\n\t\t<\/div>\n\t\t\t\t\t\t<\/div>\n\t\t\t\t<div class=\"elementor-element elementor-element-15da5fc elementor-position-left elementor-mobile-position-left elementor-view-default elementor-widget elementor-widget-icon-box\" data-id=\"15da5fc\" data-element_type=\"widget\" data-widget_type=\"icon-box.default\">\n\t\t\t\t\t\t\t<div class=\"elementor-icon-box-wrapper\">\n\n\t\t\t\t\t\t<div class=\"elementor-icon-box-icon\">\n\t\t\t\t<a href=\"tel:05%2022%2023%2031%2096\" class=\"elementor-icon\" tabindex=\"-1\" aria-label=\"Agency opening hours\">\n\t\t\t\t<svg xmlns=\"http:\/\/www.w3.org\/2000\/svg\" xmlns:xlink=\"http:\/\/www.w3.org\/1999\/xlink\" width=\"38\" height=\"38\" viewbox=\"0 0 38 38\"><image id=\"Calque_1\" data-name=\"Calque 1\" y=\"3\" width=\"38\" height=\"31\" xlink:href=\"data:img\/png;base64,iVBORw0KGgoAAAANSUhEUgAAACYAAAAfCAYAAACLSL\/LAAAIcUlEQVRYhbVYDXBUVxX+zt232WXZH0qTQAtpNX8Splp0DWjE2pYh4w9FoBnbOo4KRUq0pg2g0oZKIwShIkowiIW2IpUZkapUrDZBxoXJwrTY0gZSJeRHCKWQsCzZ3+x7+65zHnfrdpnOIKR35sxO7nvv3HPP+c53zgm1tLSAFxEhlUohe5mmae07HA7we8ePH8f\/sb4MYAOAdwA4AJwA8A0A+tWo0K7YGbl1A4APASjmOwKI8v2vVru4Ymfk1nYA1QASAJ4HcCeA1NVq\/6AM49DdAiBfnTEawK0Axlyt10YylKMATAUwB8DnAEzJMuJeJRcAvAygFcBfAZy\/QssIG\/ZpAI8DmAXAANAB4BcATqnwMcbGA5gMYDaArwJ4E8AzAH4FYPiDMKwBwGoASQBbCgsLW8Lh8FubNm1KDw4OWlmdWel0GuvXrx+fSCRmpVIp\/mYjgG8BmJHrvesxzAXgpwAeAhAoLy+vz8\/Pf72+vl6EQqFyt9t9BxGVCiFGKy++rev60ZaWlgNtbW3btm\/f\/nsAPwCwDEBQebJzJAxbC2AxgG2FhYV19fX1CbfbXXX27NnHiGj6wMDAmNwP2HvhcPiNGTNmPCel3Njb2\/v4wYMHGWsHALQB8Cveu+as5Nt9F8BL+fn5devWrdOFEA0XL15sl1LOTKfTASK6x+l0ziWipBBil6Zpt3PYDcOYEAqFfj59+vQ9Cxcu\/LDf7z8IoAbAzQCeyxyQaxiD+FM5kpfzTgV7CUA\/gK80NDQkEonEumQyudo0zX2GYVRxZhLRXgD\/klKmAXSZpvmmEGINEZULIVYnk8nZkUjkxdra2lv8fv8fATwJ4PMAHrEMY0CyGIYxhYgOEFFrRmw2W1AIMddut8Nms1nRYGMAFABYUFVVFTNN80Fd15cQ0QtchkzTfM3pdCIejyMSiZzw+XxzotHohlgsZu05nc6LRPQEgIfT6fRtoVBo\/7x58zhrGwH0AVgCYKKturracoNpmjEhhBfAYQBHMiKE2BOPx0OBQACXLl1iwP8GQLygoODbq1atGpVIJBgj7wgh7pNSXsjLywNn44oVK9DW1iYnTJjQs3bt2gR\/39raisrKSowePRpSyiNElLLZbDV2u32IiA6fPHmSTbkPwKuCAcneIKKIlLJOSvn9LHkUwMmuri6cOsWUZLn6JgBPLFu2DB6PZ5lpmmNTqdRDqVSq3zAM9PX1MSVkwm7fvHlzLYASfsZr9+7dYOOllJI5jIhOaJpWyw2D4jRen3wPxi6\/+94s4g+y9heo1N\/n9\/vH9PT0POBwOPrLysraJk6ciKKiIui6ziHMxiNb+XBmo6OjA0ePHs2cd0HX9Z+l0+nS6urqGS6XK6ki9SWmi9uklPPepx3RpJTPSyl71d93AWCtod7eXk8qlapwu91rGD\/nz1\/mR03TMGrUKCQSXLutxGFcujMK+ZnH47GixJcwTXMLgF\/6fL47Kisr\/x4IBLiCtGpExKm6Mpuhc7zYk2UYY+wsY0wIMVYIwYAuj0QiDUT0MuOmoqIC7D0Of1atNDL6Jk2aBH4nEonYhBDfczgcDCFEo9HyRYsW2QOBQMy6IBGtLyoqeqmvr08IIWSOUbw6ckLMtS+ddegsm83G9JAmIgZ0dui5aMcU73GVODk0NAQWIuLMbpJSxvlFIcSNiUTCpnRbzB\/Ny8t7JRdfmcVeYclaHBa7\/N8HG6WULzidzh4Oj8vlyn6\/hxOFQwVgP4Avdnd3H+vu7kZpaek5IcRUXdcHbDbbf0zT7HM4HHqmGgnWf+bMGUsZXY7nu8J\/qv3MQW+rvsozbty4JPMbEd1ERK8ykFkXc2IOLLYoCrhZGYdt27YxFvli\/ySiEO95vd7e5uZm9tYkyzBWwsQnhLhVFdFXsqSTiO7KOujP6sNxx44dY+45KKWcyw8Y7JwELLW1tRbOiouLUVZWxo+5YD8AwBowhoeHLeEZg4ieJKLY4ODgi2qmaOYLiGQyab3A8ZVSRlX7YgnXuWQySVlDyrPqd8GGDRtibrd7i5TSI6VcnmF2r9drDS8rV67E8uXLLaKdOnWqVMY1jh07Fk1NTVZGCiE+BuBBu93eEQwGj8fj8WKVYPs1NgyXmb\/H5XLdrYjuXfynUqkoK1HrdQCHuGyEQqGlwWBw5+TJkxtN03zM6\/X+Q9f1wxxOFvYg\/7Kx8+fPR1VVlQULpgqfz8dZadc07YeGYYwZHh5esncvl1Y8qs55zQplRgBEciSa9YwXW\/g0Ljd9P+rs7MS0adNqksmkVwixXQgxJZMT6tdFRE26rvuZJkpKSpCfn88RcgshfielvNfhcDwbDAYPGYbBFeXrCk4HrqXt+YPCYF0gEPio1+t9Q9O0OVLKG4kowNzEVKA8\/xH2gpRyEcOBxTCM2aZp\/k3TNG4OnuGau2vXLg7fVgA+AN9kirkWw4YAzFNKWmfOnDlx69ate+x2+2yPx3N2YGDgqeHh4RNSyq2qE+H0ryCiFTab7TAR7XE6nZU+n29xPB5f3NjYyP3+Gi5DAFZxAcd1dLBnVHO3+\/Tp0zz13L9jx45gSUnJ7TU1NYvD4fA94XCYjfKqkH4WAPdp3QUFBRuPHDny9Llz5zp37tx5g2pzHlFT048zB1xPa\/0nNZLt4J69vb29sb29vbmrq2vj0NBQc11dXUU8Hh\/vdDp5vjyfTqeZSHuampou9Pf3M\/t\/gUshgGmqlfqOGo6v27C0whvXzl8D+Al3EYcOHeKxbd\/SpUv\/LaXszFQBKSXTUUEsFrsfwNdU6BgW6wAsz1U+EuMb08cn1LTEwGUDuSgzW3LImRu5y+CpnMmZhxSuoUy23H\/xDHrFGqmBlws1\/2fntwA+DuAzCldMmNwVM1kO8PAC4C+KD996X20A\/guhmtyquKGFhQAAAABJRU5ErkJggg==\"><\/image><\/svg>\t\t\t\t<\/a>\n\t\t\t<\/div>\n\t\t\t\n\t\t\t\t\t\t<div class=\"elementor-icon-box-content\">\n\n\t\t\t\t\t\t\t\t\t<h3 class=\"elementor-icon-box-title\">\n\t\t\t\t\t\t<a href=\"tel:05%2022%2023%2031%2096\" >\n\t\t\t\t\t\t\tAgency opening hours\t\t\t\t\t\t<\/a>\n\t\t\t\t\t<\/h3>\n\t\t\t\t\n\t\t\t\t\t\t\t\t\t<p class=\"elementor-icon-box-description\">\n\t\t\t\t\t\t8 a.m. - 7 p.m.  \t\t\t\t\t<\/p>\n\t\t\t\t\n\t\t\t<\/div>\n\t\t\t\n\t\t<\/div>\n\t\t\t\t\t\t<\/div>\n\t\t\t\t<div class=\"elementor-element elementor-element-e25585f elementor-position-left elementor-mobile-position-left elementor-view-default elementor-widget elementor-widget-icon-box\" data-id=\"e25585f\" data-element_type=\"widget\" data-widget_type=\"icon-box.default\">\n\t\t\t\t\t\t\t<div class=\"elementor-icon-box-wrapper\">\n\n\t\t\t\t\t\t<div class=\"elementor-icon-box-icon\">\n\t\t\t\t<a href=\"tel:05%2022%2023%2031%2096\" class=\"elementor-icon\" tabindex=\"-1\" aria-label=\"E-mail address\">\n\t\t\t\t<svg xmlns=\"http:\/\/www.w3.org\/2000\/svg\" xmlns:xlink=\"http:\/\/www.w3.org\/1999\/xlink\" width=\"38\" height=\"38\" viewbox=\"0 0 38 38\"><image id=\"Calque_1\" data-name=\"Calque 1\" width=\"38\" height=\"38\" xlink:href=\"data:img\/png;base64,iVBORw0KGgoAAAANSUhEUgAAACYAAAAmCAYAAACoPemuAAAFwUlEQVRYhbWYC5BVcxzHP+fu3S3pKY\/yTAyjyUTMMKW82YrJI0kTI4ZkCH9MyaOYwZD+KsNgNCnKs8UwpoQZ77ERGmnyahKGkphK2rr3mF\/3e3bP3nPuvbu1vjNn9u65v\/s\/39\/r+\/v\/T0BlHA2cDuwDhC2wL4cMsBF4D6gvY1cRJwIfAf8C29ro2g58JWdLolzEDgMWAP2BT4A18jgNxZEstW4OOAAYCPwIjAS+TlhVwJXADuA5YM\/ypq3Go3Lm1lI\/zCbuNKELUAV8oFQ2g\/e+BjgVGJXP548B9g2CIAjDcH0mk7EovAAsds5tS6wM7wLXAl0T3wilUkPsu\/YppDoCN+vhlwdB0DGfz6\/M5XIrgiAwwqOB+cAU732XxMpNa5YMTClivYCz9blZ\/Xjv2wHXAPcBfwE3BkFQm81mh2Wz2XOCIDgLGAv8Atxm6fLeJ5wTrAH6Ju6WINYNuAs4I40YcAJwN\/CzEXTOzdTnU4DTgC3AXGAMsAqYCNQmnlLAcXKwZyViHZSisYklmlI4QnbTnXOLvPdWXwvVwfNVP69IryYpXRd577snFiw4fa6lHOhUilg1cBlwO\/Al8LzuV8Vsuisyq62wvfdG8E5gGLAUeB\/oBwxSij4ElgEDiqISyclCie04YALQrphYRh02DfhNRu8k\/IM9gB7AWqXPSAyWzo0CLgBek12k8qZ\/ewOdE6vBF+rO71QeI6NARMT6AI\/LkymSiLSFij3O6WovwhYVS3feLudcTkrfThkphqXvG6V8k1WLohtkpPB241DgMeBJ\/TitlTcrUta1vZ1z9aqpY4GngGfVabbuyd774Srw39XBxYjKpE5NYJF90MrAFjhTi+2Q1\/vJeGtiGfgTWAIcpKJFkvC0HDzKak+puQl4SfeN9A+J1QqzEwntwUCD5vOQjIg0yMtLJZp9RbQZnHP\/yLv1wA3e+4uBn6RrQ3RdCNj92WoGGzuznHObE7QKzz0EmAdcB9RE8zQrAqEKcakeUqfwk0Lwc2Aq8IiuPir45VrUGmJ\/4A5p2lbnXPEaOf0dKkf6SW56qqPDuFyY5+MliHsBJ6WlVA+Zo27KSYxNtxYpjXWqtVrn3KYUUvE1LW29gfslyCvUWM2I1ejvdBkt0\/\/jpfZxcltVN1Zn9wJ\/yGagomQd\/nGCTgFHKG1ID6+Sc2F8Lsc7LyKZk\/er5Ikp\/ctq6XmxyJndZ9775UppZ3lrbb\/BOdeQoFSoQVOAI6WTTiVQzGEnTOmtqN9MLFPQn0lqdUvJ9HJblTLooCbYrE6coW1VMWbrOQ9XIhbBorZS4X5LxRpHVhJycKwkIvTWDM1LA8cnVm9Cq4khMm+I3BqNj4w8n6yxVC+h7KHf1ErZQ02TQSkbh90mZuiqurMd7ToV\/gLp0a+aoTk5MFnFbZF6QhJSCbtMDM28EVL3UNcSdWR\/7Rii+5a6K9J2wSXQSCxtHlbCdkUngunWLYoOqqGNOsxkNCUSZ4ZKKJfvNFRr3EQzcKaIrI7ZrpMMTNVueK5sWhq1RrQ0lbYTuF4Cukky0iFh1YQaRW296u6eCvbsSo3VqOhDRWRMwqI0hiqioaZFt5KWrSTWSQvawquk3q3FAA3\/UAM\/cfhoLTETzFfV8jY7+ycsWo7DNeQjTeuT8stGYplYA+SLjI4HXgSGSw4uiQ32XcH3OuzM186lLnZEjBAdFXdymqh2XhwzGKaXHmb4TEzJ2wL2HmRWrF5Hx9aco\/sPIbHcor1Qe0VmnSL4gA4XbY0qbcktIH9rb2cN9raIXW3PO1CDuUGFuVYCOaEF7b07qFFqTaw3AK9Lhup1dtiJwYpaqK3JuP+RUDHO0yEn1FSxs2lVdD6s1k5ymg6rdhL\/VoatnQ4tRaiU9lKj5XXonSGVaES1timLFL0GXW31ijPtMseNhL0mOD\/+iqD4laRFx45Tdkgw3bFm2N0XwqVgzzbHrfs\/lZwUJAv4D1wu1UYiE9v+AAAAAElFTkSuQmCC\"><\/image><\/svg>\t\t\t\t<\/a>\n\t\t\t<\/div>\n\t\t\t\n\t\t\t\t\t\t<div class=\"elementor-icon-box-content\">\n\n\t\t\t\t\t\t\t\t\t<h3 class=\"elementor-icon-box-title\">\n\t\t\t\t\t\t<a href=\"tel:05%2022%2023%2031%2096\" >\n\t\t\t\t\t\t\tE-mail address\t\t\t\t\t\t<\/a>\n\t\t\t\t\t<\/h3>\n\t\t\t\t\n\t\t\t\t\t\t\t\t\t<p class=\"elementor-icon-box-description\">\n\t\t\t\t\t\tcritical@troadx.com\t\t\t\t\t<\/p>\n\t\t\t\t\n\t\t\t<\/div>\n\t\t\t\n\t\t<\/div>\n\t\t\t\t\t\t<\/div>\n\t\t\t\t<div class=\"elementor-element elementor-element-09ab91e elementor-position-left elementor-mobile-position-left elementor-view-default elementor-widget elementor-widget-icon-box\" data-id=\"09ab91e\" data-element_type=\"widget\" data-widget_type=\"icon-box.default\">\n\t\t\t\t\t\t\t<div class=\"elementor-icon-box-wrapper\">\n\n\t\t\t\t\t\t<div class=\"elementor-icon-box-icon\">\n\t\t\t\t<a href=\"tel:05%2022%2023%2031%2096\" class=\"elementor-icon\" tabindex=\"-1\" aria-label=\"Address\">\n\t\t\t\t<svg xmlns=\"http:\/\/www.w3.org\/2000\/svg\" xmlns:xlink=\"http:\/\/www.w3.org\/1999\/xlink\" width=\"38\" height=\"38\" viewbox=\"0 0 38 38\"><image id=\"Calque_1\" data-name=\"Calque 1\" width=\"38\" height=\"38\" xlink:href=\"data:img\/png;base64,iVBORw0KGgoAAAANSUhEUgAAACYAAAAmCAYAAACoPemuAAAGpUlEQVRYhbWYeYwVVRbGf68bRAFXcMceVFx6RnGN2olGXGcGF4xb1BlEXOMfrTnl8kcbgwmJEVvrGhXRcRkJhoydUVE07qJGh8GRabcIAiqKSLNoqy3Ptm1emaNfaVnV3bxn9Etu6r26p84999zvnHvuLSVJQq0IIWwLnAlcCOwL1AMVqakDeoGFwF3AHDPrrHWMmg0LIRzhD+AgvVoLfKZWAtzobYAR6n8ZuNLM\/ldQNgBqMiyEcCpwtwZe6d4A\/u3eMbMuyWwJHCKPngRsL9nJZvZsQWk\/qNqwEMJhwGPyyHygxcxeLAj+8pu\/ADcA+wEfu6Fm9lZBsA9UZZi88BxwMPA6cLaZLcvJjHaemdnHuffOwX8Bf5SOk83sm8IgOWzUsBCCk3kycI94NMHMXs30O+cuAcYAruw94A4zey0jcyLwAOATPA14xMwGHLiu8KaIzYGL9XZOzqg\/A\/8E\/gYcCvhyTwLuCyEcnsqZ2ePAM\/p7EbBZYZRfYVgjMBZwcrdljNoaiIDdlRrOllGLgD8BV4QQhmT0PASUZfzowig5DCq8KcIH2URpYWGmd6xI7Wg2s\/kyeDXwlPp9Um9Ixpf2a0X0XsC7hZFq9Ni2enqS\/DLzfqgM7gZWZ96v1HOwZFJ8JsNKGZ39ohqP9ei5qQzp1f+lSgHutctCCDdqB4jUvwL4IKNniL53w74tjJJDNR57V8aMBPZOXypdPAh8B1wOLFCbrIFnm1lHRo8v7Raa6JLCKDlU4zHnyCfALsBfgf9n+lqlYyLwB+2Xiz0qzWx6Ts94YDjwpgJkQFTjsXXA4+LM+BDCT7wxs14zmwqcoQ3d22lm1ppVEELYCjha4z0MfFUYJYdqM\/+BiirP2BPNbE5BaACEEHx5pysB729mS\/uX\/hHVeMzxNvC8luKcQu8ACCF40JyupDoXeL9\/6YxhpVKJjbUoipzgt+ubcSGEcdV85w3w3eFI\/1GpVGZEUVTpSy7fqvWY4xU1z0HnFnr7QBzH7q2\/A8Ocp3V1dQuLUn2jasOiKPIEm0baSXEcH1cQKsKj+ATnVk9Pz\/QoitYXJPpBLR5zvKDN2HPauXEcDylICHEceyVxnnMrSZIHK5XKApH\/tzcsiqI1quN7VL4cWxD6Ge6tk33jLpfL97a0tHxZkBgAtXqM7u7uF1XJepQ1x3G8VV4mjuMdfJvy3xs2bJi5aNGi+ZnDyu9jWEtLS2dnZ+eMJEnWKOIm5Iwqqd5vAlaVy+X7Z8+eXS4o2ghqNsx5MnXqVOfaDP2\/Jo7jUZl+r2SvcmcBt02ZMuW1WriVolbDvMA73kvpWbNmDa1UKp8Ce\/iSZmSuBkYlSdI1b948D45LxcVRBW0DoJTr2lSVRG\/m3U4i+jh5w\/mzXX19Pc3Nzf9taGg4TJVpk8rweb6vdnV1vT1t2rQx5XLZudihtkQ7yMPag1MMkpPSEuuH+imFz\/pOoAF4SWSdpHdn6cS9vYxfmiTJG8uXL1\/Q1NS0RalUcm8cpQmMTJLkzba2tsdWrFixicqiBk3Iq+FjdN5cp5LKtzmv5a5XudSOLPWBbgIu0O8P5bEJ+mA7YI0Ot08D76ia7eno6EgWL178dGNj472lUimt1ZZ1dnZe3N7e7oPerOJwhOqxNIWMVd86nVEbNfHbRI0pvpQmISfoTOBalcf\/0InGN91TdCz7rg9WlFpbW\/epr68fL8LPjaLovYLUjxgiox4FdlQ955zcDZgmj1c0Lsuk8Jacksu05m7wEyoGx+gwMbTKInOQ9skRqn4vFMcSnbomZWSdY\/fJltcHidxd+iCLGYrCiao+vXWrAn1HS75Wy7o+EzCDZcw2osGu8tLYzGRWa0VmZsariNtnipO8qhk8qTNiHidoJl5ify7ZX9PWqSy\/SwGQx966GXLZuSVl7zYdFPxe4lZ579Pch17T+4loT3lyB6WHYeLOYCnt1ZFuvVZilby7RJNbmdPboNxout9Ym91NztFRLPWEZ\/ZrlBgHOgMOF4lHy+A9MkYPK0j\/DO\/3m6DrMl5KZLwH2i8SrCfK81UEpuXMagXHMp1+PtB5cZX6NnZrM1S5byd5Zlct2RhNYqTk3LP36x6kPW9Yqmh\/ceBEXcBl4aebL7RM3yjjf63EmJI\/zY3DVYFspiXfUs8s\/qNzwPMKqp8yf96wFPWajfPqAF1regL0maazrBWp9\/3izoPAPePe96AolET9GZaX8aV1zuysJXFeOU\/cSA8a90pKfk\/C7k0vDP2+wvdID6SPRHzvS\/Nj3wC+BwiqKhFIGnmJAAAAAElFTkSuQmCC\"><\/image><\/svg>\t\t\t\t<\/a>\n\t\t\t<\/div>\n\t\t\t\n\t\t\t\t\t\t<div class=\"elementor-icon-box-content\">\n\n\t\t\t\t\t\t\t\t\t<h3 class=\"elementor-icon-box-title\">\n\t\t\t\t\t\t<a href=\"tel:05%2022%2023%2031%2096\" >\n\t\t\t\t\t\t\tAddress\t\t\t\t\t\t<\/a>\n\t\t\t\t\t<\/h3>\n\t\t\t\t\n\t\t\t\t\t\t\t\t\t<p class=\"elementor-icon-box-description\">\n\t\t\t\t\t\t53 avenue du bois de la Pie<br \/>93290 Tremblay-en-France.\t\t\t\t\t<\/p>\n\t\t\t\t\n\t\t\t<\/div>\n\t\t\t\n\t\t<\/div>\n\t\t\t\t\t\t<\/div>\n\t\t\t\t<div class=\"elementor-element elementor-element-54e7912 elementor-hidden-mobile elementor-widget elementor-widget-image\" data-id=\"54e7912\" data-element_type=\"widget\" data-widget_type=\"image.default\">\n\t\t\t\t\t\t\t\t\t\t\t\t\t\t\t<img decoding=\"async\" width=\"500\" height=\"221\" src=\"https:\/\/troadx.com\/wp-content\/uploads\/2025\/11\/Sans-titre-1-5.png\" class=\"attachment-full size-full wp-image-4478\" alt=\"\" srcset=\"https:\/\/troadx.com\/wp-content\/uploads\/2025\/11\/Sans-titre-1-5.png 500w, https:\/\/troadx.com\/wp-content\/uploads\/2025\/11\/Sans-titre-1-5-300x133.png 300w\" sizes=\"(max-width: 500px) 100vw, 500px\" \/>\t\t\t\t\t\t\t\t\t\t\t\t\t\t\t<\/div>\n\t\t\t\t\t<\/div>\n\t\t<\/div>\n\t\t\t\t<div class=\"elementor-column elementor-col-50 elementor-top-column elementor-element elementor-element-604292d\" data-id=\"604292d\" data-element_type=\"column\">\n\t\t\t<div class=\"elementor-widget-wrap elementor-element-populated\">\n\t\t\t\t\t\t<div class=\"elementor-element elementor-element-e3a198c elementor-widget elementor-widget-fastrans_contact_us\" data-id=\"e3a198c\" data-element_type=\"widget\" data-widget_type=\"fastrans_contact_us.default\">\n\t\t\t\t<div class=\"elementor-widget-container\">\n\t\t\t\t\t\t\n    <!-- Start of contact page section\n\t============================================= -->\n\t<section id=\"ft-contact-page\" class=\"ft-contact-page-section page-padding\">\n\t\t<div class=\"container\">\n\t\t\t<div class=\"ft-contact-page-content\">\n\t\t\t\t<div class=\"row\">\n\t\t\t\t\t<div class=\"col-lg-6\">\n\t\t\t\t\t\t<div class=\"ft-contact-page-text-wrapper\">\n\t\t\t\t\t\t\t                            <div class=\"ft-contact-page-contact-info\">\n\t\t\t\t\t\t\t\t                                <div class=\"ft-contact-cta-items d-flex\">\n\t\t\t\t\t\t\t\t\t<div class=\"ft-contact-cta-icon d-flex align-items-center justify-content-center\">\n\t\t\t\t\t\t\t\t\t\t<i class=\"fal\"><\/i>\n\t\t\t\t\t\t\t\t\t<\/div>\n\t\t\t\t\t\t\t\t\t<div class=\"ft-contact-cta-text headline pera-content\">\n\t\t\t\t\t\t\t\t\t\t<h3><\/h3>\n\t\t\t\t\t\t\t\t\t\tEnter Text Here\t\t\t\t\t\t\t\t\t<\/div>\n\t\t\t\t\t\t\t\t<\/div>\n                                \t\t\t\t\t\t\t<\/div>\n\t\t\t\t\t\t<\/div>\n\t\t\t\t\t<\/div>\n\t\t\t\t\t<div class=\"col-lg-6\">\n\t\t\t\t\t\t<div class=\"ft-contact-page-form-wrapper headline\">\n\t\t\t\t\t\t\t                            \n<div class=\"wpcf7 no-js\" id=\"wpcf7-f1013-o1\" lang=\"en-US\" dir=\"ltr\">\n<div class=\"screen-reader-response\"><p role=\"status\" aria-live=\"polite\" aria-atomic=\"true\"><\/p> <ul><\/ul><\/div>\n<form action=\"\/en\/wp-json\/wp\/v2\/pages\/3013#wpcf7-f1013-o1\" method=\"post\" class=\"wpcf7-form init\" aria-label=\"Contact form\" novalidate=\"novalidate\" data-status=\"init\" data-trp-original-action=\"\/en\/wp-json\/wp\/v2\/pages\/3013#wpcf7-f1013-o1\">\n<div style=\"display: none;\">\n<input type=\"hidden\" name=\"_wpcf7\" value=\"1013\" \/>\n<input type=\"hidden\" name=\"_wpcf7_version\" value=\"5.9.8\" \/>\n<input type=\"hidden\" name=\"_wpcf7_locale\" value=\"en_US\" \/>\n<input type=\"hidden\" name=\"_wpcf7_unit_tag\" value=\"wpcf7-f1013-o1\" \/>\n<input type=\"hidden\" name=\"_wpcf7_container_post\" value=\"0\" \/>\n<input type=\"hidden\" name=\"_wpcf7_posted_data_hash\" value=\"\" \/>\n<\/div>\n<div class=\"row firstrow\">\n\t<div class=\"col-lg-6\">\n\t\t<p><span class=\"wpcf7-form-control-wrap\" data-name=\"text-475\"><input size=\"40\" maxlength=\"400\" class=\"wpcf7-form-control wpcf7-text wpcf7-validates-as-required\" aria-required=\"true\" aria-invalid=\"false\" placeholder=\"Name *\" value=\"\" type=\"text\" name=\"text-475\" \/><\/span>\n\t\t<\/p>\n\t<\/div>\n\t<div class=\"col-lg-6\">\n\t\t<p><span class=\"wpcf7-form-control-wrap\" data-name=\"email-621\"><input size=\"40\" maxlength=\"400\" class=\"wpcf7-form-control wpcf7-email wpcf7-validates-as-required wpcf7-text wpcf7-validates-as-email\" aria-required=\"true\" aria-invalid=\"false\" placeholder=\"Email\" value=\"\" type=\"email\" name=\"email-621\" \/><\/span>\n\t\t<\/p>\n\t<\/div>\n\t<div class=\"col-lg-6\">\n\t\t<p><span class=\"wpcf7-form-control-wrap\" data-name=\"text-476\"><input size=\"40\" maxlength=\"400\" class=\"wpcf7-form-control wpcf7-text\" aria-invalid=\"false\" placeholder=\"Postal address\" value=\"\" type=\"text\" name=\"text-476\" \/><\/span>\n\t\t<\/p>\n\t<\/div>\n\t<div class=\"col-lg-6\">\n\t\t<p><span class=\"wpcf7-form-control-wrap\" data-name=\"tel-889\"><input size=\"40\" maxlength=\"400\" class=\"wpcf7-form-control wpcf7-tel wpcf7-text wpcf7-validates-as-tel\" aria-invalid=\"false\" placeholder=\"Phone\" value=\"\" type=\"tel\" name=\"tel-889\" \/><\/span>\n\t\t<\/p>\n\t<\/div>\n\t<div class=\"col-lg-12\">\n\t\t<p><span class=\"wpcf7-form-control-wrap\" data-name=\"textarea-527\"><textarea cols=\"40\" rows=\"10\" maxlength=\"2000\" class=\"wpcf7-form-control wpcf7-textarea\" aria-invalid=\"false\" placeholder=\"Message\" name=\"textarea-527\"><\/textarea><\/span>\n\t\t<\/p>\n\t<\/div>\n\t<div class=\"col-lg-12\">\n\t\t<p><button class=\"theme-btn submit-btn\"> Send<\/button>\n\t\t<\/p>\n\t<\/div>\n<\/div><div class=\"wpcf7-response-output\" aria-hidden=\"true\"><\/div>\n<input type=\"hidden\" name=\"trp-form-language\" value=\"en\"\/><\/form>\n<\/div>\n\t\t\t\t\t\t<\/div>\n\t\t\t\t\t<\/div>\n\t\t\t\t<\/div>\n\t\t\t<\/div>\n\t\t<\/div>\n\t<\/section>\t\t\n\t<!-- End of contact page section\n\t============================================= -->\n\t\t\n    \t\t\t\t<\/div>\n\t\t\t\t<\/div>\n\t\t\t\t\t<\/div>\n\t\t<\/div>\n\t\t\t\t\t<\/div>\n\t\t<\/section>\n\t\t\t\t<section class=\"elementor-section elementor-top-section elementor-element elementor-element-65b3b70d elementor-section-stretched elementor-section-full_width elementor-section-height-default elementor-section-height-default\" data-id=\"65b3b70d\" data-element_type=\"section\" data-settings=\"{&quot;stretch_section&quot;:&quot;section-stretched&quot;}\">\n\t\t\t\t\t\t<div class=\"elementor-container elementor-column-gap-no\">\n\t\t\t\t\t<div class=\"elementor-column elementor-col-100 elementor-top-column elementor-element elementor-element-d95f141\" data-id=\"d95f141\" data-element_type=\"column\">\n\t\t\t<div class=\"elementor-widget-wrap elementor-element-populated\">\n\t\t\t\t\t\t<div class=\"elementor-element elementor-element-2bf4f2a1 elementor-widget elementor-widget-google_maps\" data-id=\"2bf4f2a1\" data-element_type=\"widget\" data-widget_type=\"google_maps.default\">\n\t\t\t\t\t\t\t<div class=\"elementor-custom-embed\">\n\t\t\t<iframe loading=\"lazy\"\n\t\t\t\t\tsrc=\"https:\/\/maps.google.com\/maps?q=53%20avenue%20du%20bois%20de%20la%20Pie%2093290%20Tremblay%20en%20France.&#038;t=m&#038;z=15&#038;output=embed&#038;iwloc=near\"\n\t\t\t\t\ttitle=\"53 avenue du bois de la Pie 93290 Tremblay en France.\"\n\t\t\t\t\taria-label=\"53 avenue du bois de la Pie 93290 Tremblay en France.\"\n\t\t\t><\/iframe>\n\t\t<\/div>\n\t\t\t\t\t\t<\/div>\n\t\t\t\t\t<\/div>\n\t\t<\/div>\n\t\t\t\t\t<\/div>\n\t\t<\/section>\n\t\t\t\t<\/div>","protected":false},"excerpt":{"rendered":"<p>Besoin d&#8217;aide ? contactez-nous Nous contacter Pour toute demande d&#8217;information ou question, notre \u00e9quipe est disponible et vous r\u00e9pondra dans les plus brefs d\u00e9lais. Appelez-nous +33 6 75 30 38 08 (Hotline) Les horaires de l&#8217;agence 8h00 &#8211; 19h00 Adresse mail critical@troadx.com Adresse 53 avenue du bois de la Pie93290 Tremblay-en-France. Enter Text Here Envoyer<\/p>","protected":false},"author":3,"featured_media":0,"parent":0,"menu_order":0,"comment_status":"closed","ping_status":"closed","template":"elementor_header_footer","meta":{"footnotes":""},"class_list":["post-3013","page","type-page","status-publish","hentry"],"_links":{"self":[{"href":"https:\/\/troadx.com\/en\/wp-json\/wp\/v2\/pages\/3013","targetHints":{"allow":["GET"]}}],"collection":[{"href":"https:\/\/troadx.com\/en\/wp-json\/wp\/v2\/pages"}],"about":[{"href":"https:\/\/troadx.com\/en\/wp-json\/wp\/v2\/types\/page"}],"author":[{"embeddable":true,"href":"https:\/\/troadx.com\/en\/wp-json\/wp\/v2\/users\/3"}],"replies":[{"embeddable":true,"href":"https:\/\/troadx.com\/en\/wp-json\/wp\/v2\/comments?post=3013"}],"version-history":[{"count":79,"href":"https:\/\/troadx.com\/en\/wp-json\/wp\/v2\/pages\/3013\/revisions"}],"predecessor-version":[{"id":4805,"href":"https:\/\/troadx.com\/en\/wp-json\/wp\/v2\/pages\/3013\/revisions\/4805"}],"wp:attachment":[{"href":"https:\/\/troadx.com\/en\/wp-json\/wp\/v2\/media?parent=3013"}],"curies":[{"name":"wp","href":"https:\/\/api.w.org\/{rel}","templated":true}]}}